{"id":245568,"date":"2016-02-02T16:59:47","date_gmt":"2016-02-02T16:59:47","guid":{"rendered":"https:\/\/villas.club\/blog-2\/"},"modified":"2024-10-31T15:46:54","modified_gmt":"2024-10-31T15:46:54","slug":"blog-2","status":"publish","type":"page","link":"https:\/\/villas.club\/fr\/blog-2\/","title":{"rendered":"Blog"},"content":{"rendered":"\t\t<div data-elementor-type=\"wp-page\" data-elementor-id=\"245568\" class=\"elementor elementor-245568 elementor-16260\">\n\t\t\t\t<div class=\"elementor-element elementor-element-6aadca1 e-flex e-con-boxed e-con e-parent\" data-id=\"6aadca1\" data-element_type=\"container\" data-e-type=\"container\">\n\t\t\t\t\t<div class=\"e-con-inner\">\n\t\t\t\t<div class=\"elementor-element elementor-element-3df8033 elementor-widget elementor-widget-houzez_elementor_blog_posts\" data-id=\"3df8033\" data-element_type=\"widget\" data-e-type=\"widget\" data-widget_type=\"houzez_elementor_blog_posts.default\">\n\t\t\t\t<div class=\"elementor-widget-container\">\n\t\t\t\t\t\n        <div class=\"blog-posts-module blog-posts-module-v1\">\n            <div class=\"row module-row\">\n                                    <div class=\"col-lg-6 col-md-6\">\n                        <div id=\"post-244547\" class=\"blog-post-item blog-post-item-v1 post-244547 post type-post status-publish format-standard has-post-thumbnail hentry category-blog tag-villas-de-luxe-a-majorque-avec-piscine-privee\">\n\t\n\t\t<div class=\"blog-post-thumb\">\n\t\t<a href=\"https:\/\/villas.club\/fr\/les-meilleures-villas-de-luxe-a-majorque-avec-piscine-privee\/\" class=\"hover-effect\">\n\t\t\t<img fetchpriority=\"high\" decoding=\"async\" width=\"592\" height=\"395\" src=\"https:\/\/villas.club\/wp-content\/uploads\/2024\/10\/Ville-di-Lusso-a-Maiorca-con-Piscina-Privata-06.jpg\" class=\"img-fluid wp-post-image\" alt=\"Ville di Lusso a Maiorca con Piscina Privata\" srcset=\"https:\/\/villas.club\/wp-content\/uploads\/2024\/10\/Ville-di-Lusso-a-Maiorca-con-Piscina-Privata-06.jpg 600w, https:\/\/villas.club\/wp-content\/uploads\/2024\/10\/Ville-di-Lusso-a-Maiorca-con-Piscina-Privata-06-300x200.jpg 300w\" sizes=\"(max-width: 592px) 100vw, 592px\" \/>\t\t<\/a>\n\t<\/div><!-- blog-post-thumb -->\n\t\n\t<div class=\"blog-post-content-wrap\">\n\t\t<div class=\"blog-post-meta\">\n\t\t\t<ul class=\"list-inline\">\n\t\t\t\t\t\t\t\t<li class=\"list-inline-item\">\n\t\t\t\t\t<time datetime=\"octobre 15, 2024\"><i class=\"houzez-icon icon-calendar-3 mr-1\"><\/i> octobre 15, 2024<\/time>\n\t\t\t\t<\/li>\n\t\t\t\t\n\t\t\t\t\t\t\t\t<li class=\"list-inline-item\">\n\t\t\t\t\t<i class=\"houzez-icon icon-tags mr-1\"><\/i> <a href=\"https:\/\/villas.club\/fr\/category\/blog\/\" rel=\"category tag\">Blog<\/a>\t\t\t\t<\/li>\n\t\t\t\t\n\t\t\t<\/ul>\n\t\t<\/div><!-- blog-post-meta -->\n\t\t<div class=\"blog-post-title\">\n\t\t\t<h3><a href=\"https:\/\/villas.club\/fr\/les-meilleures-villas-de-luxe-a-majorque-avec-piscine-privee\/\">Les meilleures villas de luxe \u00e0 Majorque avec piscine priv\u00e9e de 2025<\/a><\/h3>\n\t\t<\/div><!-- blog-post-title -->\n\t\t<div class=\"blog-post-body\">\n\t\t\tImaginez que vous vous r\u00e9veillez chaque matin dans l'une des meilleures villas de luxe de Majorque...\t\t<\/div><!-- blog-post-body -->\n\t\t<div class=\"blog-post-link\">\n\t\t\t<a href=\"https:\/\/villas.club\/fr\/les-meilleures-villas-de-luxe-a-majorque-avec-piscine-privee\/\">continuer la lecture<\/a>\n\t\t<\/div><!-- blog-post-link -->\n\t<\/div><!-- blog-post-content-wrap -->\n\t\t<div class=\"blog-post-author\">\n\t\t<i class=\"houzez-icon icon-single-neutral mr-1\"><\/i> par Villas.Club\t<\/div>\n\t<\/div><!-- blog-post-item -->                    <\/div>\n                                    <div class=\"col-lg-6 col-md-6\">\n                        <div id=\"post-244481\" class=\"blog-post-item blog-post-item-v1 post-244481 post type-post status-publish format-standard has-post-thumbnail hentry category-blog tag-villas-de-luxe-a-majorque-pour-les-familles\">\n\t\n\t\t<div class=\"blog-post-thumb\">\n\t\t<a href=\"https:\/\/villas.club\/fr\/villas-de-luxe-de-majorque-pour-les-familles\/\" class=\"hover-effect\">\n\t\t\t<img decoding=\"async\" width=\"592\" height=\"395\" src=\"https:\/\/villas.club\/wp-content\/uploads\/2024\/10\/family-villas-mallorca-01.jpg\" class=\"img-fluid wp-post-image\" alt=\"family villas\" srcset=\"https:\/\/villas.club\/wp-content\/uploads\/2024\/10\/family-villas-mallorca-01.jpg 600w, https:\/\/villas.club\/wp-content\/uploads\/2024\/10\/family-villas-mallorca-01-300x200.jpg 300w\" sizes=\"(max-width: 592px) 100vw, 592px\" \/>\t\t<\/a>\n\t<\/div><!-- blog-post-thumb -->\n\t\n\t<div class=\"blog-post-content-wrap\">\n\t\t<div class=\"blog-post-meta\">\n\t\t\t<ul class=\"list-inline\">\n\t\t\t\t\t\t\t\t<li class=\"list-inline-item\">\n\t\t\t\t\t<time datetime=\"octobre 8, 2024\"><i class=\"houzez-icon icon-calendar-3 mr-1\"><\/i> octobre 8, 2024<\/time>\n\t\t\t\t<\/li>\n\t\t\t\t\n\t\t\t\t\t\t\t\t<li class=\"list-inline-item\">\n\t\t\t\t\t<i class=\"houzez-icon icon-tags mr-1\"><\/i> <a href=\"https:\/\/villas.club\/fr\/category\/blog\/\" rel=\"category tag\">Blog<\/a>\t\t\t\t<\/li>\n\t\t\t\t\n\t\t\t<\/ul>\n\t\t<\/div><!-- blog-post-meta -->\n\t\t<div class=\"blog-post-title\">\n\t\t\t<h3><a href=\"https:\/\/villas.club\/fr\/villas-de-luxe-de-majorque-pour-les-familles\/\">Villas de luxe de Majorque pour les familles : le choix parfait pour 2025<\/a><\/h3>\n\t\t<\/div><!-- blog-post-title -->\n\t\t<div class=\"blog-post-body\">\n\t\t\tEn ce qui concerne les Villas de luxe de Majorque pour les familles, l'\u00eele appara\u00eet comme l'une...\t\t<\/div><!-- blog-post-body -->\n\t\t<div class=\"blog-post-link\">\n\t\t\t<a href=\"https:\/\/villas.club\/fr\/villas-de-luxe-de-majorque-pour-les-familles\/\">continuer la lecture<\/a>\n\t\t<\/div><!-- blog-post-link -->\n\t<\/div><!-- blog-post-content-wrap -->\n\t\t<div class=\"blog-post-author\">\n\t\t<i class=\"houzez-icon icon-single-neutral mr-1\"><\/i> par Villas.Club\t<\/div>\n\t<\/div><!-- blog-post-item -->                    <\/div>\n                                    <div class=\"col-lg-6 col-md-6\">\n                        <div id=\"post-244423\" class=\"blog-post-item blog-post-item-v1 post-244423 post type-post status-publish format-standard has-post-thumbnail hentry category-blog tag-villas-de-luxe-a-mallorque\">\n\t\n\t\t<div class=\"blog-post-thumb\">\n\t\t<a href=\"https:\/\/villas.club\/fr\/villas-de-luxe-a-majorque-a-vendre-ou-a-louer\/\" class=\"hover-effect\">\n\t\t\t<img decoding=\"async\" width=\"592\" height=\"333\" src=\"https:\/\/villas.club\/wp-content\/uploads\/2024\/10\/luxury-villas-Mallorca-for-sale-or-rent-02.jpg\" class=\"img-fluid wp-post-image\" alt=\"ville di lusso a Maiorca in vendita o affitto\" srcset=\"https:\/\/villas.club\/wp-content\/uploads\/2024\/10\/luxury-villas-Mallorca-for-sale-or-rent-02.jpg 600w, https:\/\/villas.club\/wp-content\/uploads\/2024\/10\/luxury-villas-Mallorca-for-sale-or-rent-02-300x169.jpg 300w\" sizes=\"(max-width: 592px) 100vw, 592px\" \/>\t\t<\/a>\n\t<\/div><!-- blog-post-thumb -->\n\t\n\t<div class=\"blog-post-content-wrap\">\n\t\t<div class=\"blog-post-meta\">\n\t\t\t<ul class=\"list-inline\">\n\t\t\t\t\t\t\t\t<li class=\"list-inline-item\">\n\t\t\t\t\t<time datetime=\"octobre 4, 2024\"><i class=\"houzez-icon icon-calendar-3 mr-1\"><\/i> octobre 4, 2024<\/time>\n\t\t\t\t<\/li>\n\t\t\t\t\n\t\t\t\t\t\t\t\t<li class=\"list-inline-item\">\n\t\t\t\t\t<i class=\"houzez-icon icon-tags mr-1\"><\/i> <a href=\"https:\/\/villas.club\/fr\/category\/blog\/\" rel=\"category tag\">Blog<\/a>\t\t\t\t<\/li>\n\t\t\t\t\n\t\t\t<\/ul>\n\t\t<\/div><!-- blog-post-meta -->\n\t\t<div class=\"blog-post-title\">\n\t\t\t<h3><a href=\"https:\/\/villas.club\/fr\/villas-de-luxe-a-majorque-a-vendre-ou-a-louer\/\">Villas de luxe \u00e0 Majorque \u00e0 vendre ou \u00e0 louer : avantages et inconv\u00e9nients<\/a><\/h3>\n\t\t<\/div><!-- blog-post-title -->\n\t\t<div class=\"blog-post-body\">\n\t\t\tSi vous r\u00eavez de vivre sous le soleil radieux et les plages magnifiques de Majorque, la...\t\t<\/div><!-- blog-post-body -->\n\t\t<div class=\"blog-post-link\">\n\t\t\t<a href=\"https:\/\/villas.club\/fr\/villas-de-luxe-a-majorque-a-vendre-ou-a-louer\/\">continuer la lecture<\/a>\n\t\t<\/div><!-- blog-post-link -->\n\t<\/div><!-- blog-post-content-wrap -->\n\t\t<div class=\"blog-post-author\">\n\t\t<i class=\"houzez-icon icon-single-neutral mr-1\"><\/i> par Villas.Club\t<\/div>\n\t<\/div><!-- blog-post-item -->                    <\/div>\n                                    <div class=\"col-lg-6 col-md-6\">\n                        <div id=\"post-244356\" class=\"blog-post-item blog-post-item-v1 post-244356 post type-post status-publish format-standard has-post-thumbnail hentry category-blog tag-hotel-de-luxe-a-majorque tag-petits-hotels-de-luxe-a-majorque\">\n\t\n\t\t<div class=\"blog-post-thumb\">\n\t\t<a href=\"https:\/\/villas.club\/fr\/petits-hotels-de-luxe-a-majorque\/\" class=\"hover-effect\">\n\t\t\t<img loading=\"lazy\" decoding=\"async\" width=\"592\" height=\"395\" src=\"https:\/\/villas.club\/wp-content\/uploads\/2024\/10\/small-luxury-hotels-mallorca-cap-rocat-01.jpg\" class=\"img-fluid wp-post-image\" alt=\"piccoli hotel di lusso a maiorca\" srcset=\"https:\/\/villas.club\/wp-content\/uploads\/2024\/10\/small-luxury-hotels-mallorca-cap-rocat-01.jpg 600w, https:\/\/villas.club\/wp-content\/uploads\/2024\/10\/small-luxury-hotels-mallorca-cap-rocat-01-300x200.jpg 300w\" sizes=\"(max-width: 592px) 100vw, 592px\" \/>\t\t<\/a>\n\t<\/div><!-- blog-post-thumb -->\n\t\n\t<div class=\"blog-post-content-wrap\">\n\t\t<div class=\"blog-post-meta\">\n\t\t\t<ul class=\"list-inline\">\n\t\t\t\t\t\t\t\t<li class=\"list-inline-item\">\n\t\t\t\t\t<time datetime=\"octobre 3, 2024\"><i class=\"houzez-icon icon-calendar-3 mr-1\"><\/i> octobre 3, 2024<\/time>\n\t\t\t\t<\/li>\n\t\t\t\t\n\t\t\t\t\t\t\t\t<li class=\"list-inline-item\">\n\t\t\t\t\t<i class=\"houzez-icon icon-tags mr-1\"><\/i> <a href=\"https:\/\/villas.club\/fr\/category\/blog\/\" rel=\"category tag\">Blog<\/a>\t\t\t\t<\/li>\n\t\t\t\t\n\t\t\t<\/ul>\n\t\t<\/div><!-- blog-post-meta -->\n\t\t<div class=\"blog-post-title\">\n\t\t\t<h3><a href=\"https:\/\/villas.club\/fr\/petits-hotels-de-luxe-a-majorque\/\">3 Petits h\u00f4tels de luxe \u00e0 Majorque : une alternative aux villas<\/a><\/h3>\n\t\t<\/div><!-- blog-post-title -->\n\t\t<div class=\"blog-post-body\">\n\t\t\tSi vous recherchez une exp\u00e9rience inoubliable \u00e0 Majorque, les petits h\u00f4tels de luxe de Majorque...\t\t<\/div><!-- blog-post-body -->\n\t\t<div class=\"blog-post-link\">\n\t\t\t<a href=\"https:\/\/villas.club\/fr\/petits-hotels-de-luxe-a-majorque\/\">continuer la lecture<\/a>\n\t\t<\/div><!-- blog-post-link -->\n\t<\/div><!-- blog-post-content-wrap -->\n\t\t<div class=\"blog-post-author\">\n\t\t<i class=\"houzez-icon icon-single-neutral mr-1\"><\/i> par Villas.Club\t<\/div>\n\t<\/div><!-- blog-post-item -->                    <\/div>\n                                    <div class=\"col-lg-6 col-md-6\">\n                        <div id=\"post-244264\" class=\"blog-post-item blog-post-item-v1 post-244264 post type-post status-publish format-standard has-post-thumbnail hentry category-blog tag-villas-de-luxe-a-mallorque\">\n\t\n\t\t<div class=\"blog-post-thumb\">\n\t\t<a href=\"https:\/\/villas.club\/fr\/villas-de-luxe-a-mallorca-a-vendre\/\" class=\"hover-effect\">\n\t\t\t<img loading=\"lazy\" decoding=\"async\" width=\"592\" height=\"395\" src=\"https:\/\/villas.club\/wp-content\/uploads\/2024\/09\/palma-de-mallorca-villas.jpg\" class=\"img-fluid wp-post-image\" alt=\"Ville di Lusso a Maiorca in Vendita\" srcset=\"https:\/\/villas.club\/wp-content\/uploads\/2024\/09\/palma-de-mallorca-villas.jpg 600w, https:\/\/villas.club\/wp-content\/uploads\/2024\/09\/palma-de-mallorca-villas-300x200.jpg 300w\" sizes=\"(max-width: 592px) 100vw, 592px\" \/>\t\t<\/a>\n\t<\/div><!-- blog-post-thumb -->\n\t\n\t<div class=\"blog-post-content-wrap\">\n\t\t<div class=\"blog-post-meta\">\n\t\t\t<ul class=\"list-inline\">\n\t\t\t\t\t\t\t\t<li class=\"list-inline-item\">\n\t\t\t\t\t<time datetime=\"septembre 30, 2024\"><i class=\"houzez-icon icon-calendar-3 mr-1\"><\/i> septembre 30, 2024<\/time>\n\t\t\t\t<\/li>\n\t\t\t\t\n\t\t\t\t\t\t\t\t<li class=\"list-inline-item\">\n\t\t\t\t\t<i class=\"houzez-icon icon-tags mr-1\"><\/i> <a href=\"https:\/\/villas.club\/fr\/category\/blog\/\" rel=\"category tag\">Blog<\/a>\t\t\t\t<\/li>\n\t\t\t\t\n\t\t\t<\/ul>\n\t\t<\/div><!-- blog-post-meta -->\n\t\t<div class=\"blog-post-title\">\n\t\t\t<h3><a href=\"https:\/\/villas.club\/fr\/villas-de-luxe-a-mallorca-a-vendre\/\">Villas de luxe \u00e0 Mallorca \u00e0 vendre: Investissements pour 2025<\/a><\/h3>\n\t\t<\/div><!-- blog-post-title -->\n\t\t<div class=\"blog-post-body\">\n\t\t\tLe march\u00e9 immobilier des villas de luxe \u00e0 Mallorca se confirme comme l'un des march\u00e9s les plus...\t\t<\/div><!-- blog-post-body -->\n\t\t<div class=\"blog-post-link\">\n\t\t\t<a href=\"https:\/\/villas.club\/fr\/villas-de-luxe-a-mallorca-a-vendre\/\">continuer la lecture<\/a>\n\t\t<\/div><!-- blog-post-link -->\n\t<\/div><!-- blog-post-content-wrap -->\n\t\t<div class=\"blog-post-author\">\n\t\t<i class=\"houzez-icon icon-single-neutral mr-1\"><\/i> par Villas.Club\t<\/div>\n\t<\/div><!-- blog-post-item -->                    <\/div>\n                            <\/div>\n        <\/div>\n\n        \t\t\t\t<\/div>\n\t\t\t\t<\/div>\n\t\t\t\t\t<\/div>\n\t\t\t\t<\/div>\n\t\t\t\t<\/div>\n\t\t","protected":false},"excerpt":{"rendered":"<p>October 15, 2024 Blog The Best Luxury Villas in Majorca with Private Pool of 2025 Imagine waking up every morning in one of the best luxury villas in Mallorca with a private pool,&#8230; Continue reading by Villas.Club October 8, 2024 Blog Luxury Villas in Majorca for Families: The Perfect Choice for 2025 When it comes [&hellip;]<\/p>\n","protected":false},"author":1,"featured_media":0,"parent":0,"menu_order":0,"comment_status":"closed","ping_status":"closed","template":"","meta":{"footnotes":""},"class_list":["post-245568","page","type-page","status-publish","hentry"],"amp_enabled":true,"_links":{"self":[{"href":"https:\/\/villas.club\/fr\/wp-json\/wp\/v2\/pages\/245568","targetHints":{"allow":["GET"]}}],"collection":[{"href":"https:\/\/villas.club\/fr\/wp-json\/wp\/v2\/pages"}],"about":[{"href":"https:\/\/villas.club\/fr\/wp-json\/wp\/v2\/types\/page"}],"author":[{"embeddable":true,"href":"https:\/\/villas.club\/fr\/wp-json\/wp\/v2\/users\/1"}],"replies":[{"embeddable":true,"href":"https:\/\/villas.club\/fr\/wp-json\/wp\/v2\/comments?post=245568"}],"version-history":[{"count":2,"href":"https:\/\/villas.club\/fr\/wp-json\/wp\/v2\/pages\/245568\/revisions"}],"predecessor-version":[{"id":245570,"href":"https:\/\/villas.club\/fr\/wp-json\/wp\/v2\/pages\/245568\/revisions\/245570"}],"wp:attachment":[{"href":"https:\/\/villas.club\/fr\/wp-json\/wp\/v2\/media?parent=245568"}],"curies":[{"name":"wp","href":"https:\/\/api.w.org\/{rel}","templated":true}]}}