{"id":245565,"date":"2016-02-02T16:59:47","date_gmt":"2016-02-02T16:59:47","guid":{"rendered":"https:\/\/villas.club\/blog-2\/"},"modified":"2024-10-31T15:46:53","modified_gmt":"2024-10-31T15:46:53","slug":"blog-2","status":"publish","type":"page","link":"https:\/\/villas.club\/de\/blog-2\/","title":{"rendered":"Blog"},"content":{"rendered":"\t\t<div data-elementor-type=\"wp-page\" data-elementor-id=\"245565\" class=\"elementor elementor-245565 elementor-16260\">\n\t\t\t\t<div class=\"elementor-element elementor-element-6aadca1 e-flex e-con-boxed e-con e-parent\" data-id=\"6aadca1\" data-element_type=\"container\" data-e-type=\"container\">\n\t\t\t\t\t<div class=\"e-con-inner\">\n\t\t\t\t<div class=\"elementor-element elementor-element-3df8033 elementor-widget elementor-widget-houzez_elementor_blog_posts\" data-id=\"3df8033\" data-element_type=\"widget\" data-e-type=\"widget\" data-widget_type=\"houzez_elementor_blog_posts.default\">\n\t\t\t\t<div class=\"elementor-widget-container\">\n\t\t\t\t\t\n        <div class=\"blog-posts-module blog-posts-module-v1\">\n            <div class=\"row module-row\">\n                                    <div class=\"col-lg-6 col-md-6\">\n                        <div id=\"post-244548\" class=\"blog-post-item blog-post-item-v1 post-244548 post type-post status-publish format-standard has-post-thumbnail hentry category-blog tag-luxusvillen-auf-mallorca-mit-privatem-pool\">\n\t\n\t\t<div class=\"blog-post-thumb\">\n\t\t<a href=\"https:\/\/villas.club\/de\/luxusvillen-auf-mallorca-mit-privatem-pool\/\" class=\"hover-effect\">\n\t\t\t<img fetchpriority=\"high\" decoding=\"async\" width=\"592\" height=\"395\" src=\"https:\/\/villas.club\/wp-content\/uploads\/2024\/10\/Ville-di-Lusso-a-Maiorca-con-Piscina-Privata-06.jpg\" class=\"img-fluid wp-post-image\" alt=\"Ville di Lusso a Maiorca con Piscina Privata\" srcset=\"https:\/\/villas.club\/wp-content\/uploads\/2024\/10\/Ville-di-Lusso-a-Maiorca-con-Piscina-Privata-06.jpg 600w, https:\/\/villas.club\/wp-content\/uploads\/2024\/10\/Ville-di-Lusso-a-Maiorca-con-Piscina-Privata-06-300x200.jpg 300w\" sizes=\"(max-width: 592px) 100vw, 592px\" \/>\t\t<\/a>\n\t<\/div><!-- blog-post-thumb -->\n\t\n\t<div class=\"blog-post-content-wrap\">\n\t\t<div class=\"blog-post-meta\">\n\t\t\t<ul class=\"list-inline\">\n\t\t\t\t\t\t\t\t<li class=\"list-inline-item\">\n\t\t\t\t\t<time datetime=\"Oktober 15, 2024\"><i class=\"houzez-icon icon-calendar-3 mr-1\"><\/i> Oktober 15, 2024<\/time>\n\t\t\t\t<\/li>\n\t\t\t\t\n\t\t\t\t\t\t\t\t<li class=\"list-inline-item\">\n\t\t\t\t\t<i class=\"houzez-icon icon-tags mr-1\"><\/i> <a href=\"https:\/\/villas.club\/de\/category\/blog\/\" rel=\"category tag\">Blog<\/a>\t\t\t\t<\/li>\n\t\t\t\t\n\t\t\t<\/ul>\n\t\t<\/div><!-- blog-post-meta -->\n\t\t<div class=\"blog-post-title\">\n\t\t\t<h3><a href=\"https:\/\/villas.club\/de\/luxusvillen-auf-mallorca-mit-privatem-pool\/\">Die besten Luxusvillen auf Mallorca mit privatem Pool von 2025<\/a><\/h3>\n\t\t<\/div><!-- blog-post-title -->\n\t\t<div class=\"blog-post-body\">\n\t\t\tStellen Sie sich vor, jeden Morgen in einer der besten Luxusvillen auf Mallorca mit privatem...\t\t<\/div><!-- blog-post-body -->\n\t\t<div class=\"blog-post-link\">\n\t\t\t<a href=\"https:\/\/villas.club\/de\/luxusvillen-auf-mallorca-mit-privatem-pool\/\">Weiterlesen<\/a>\n\t\t<\/div><!-- blog-post-link -->\n\t<\/div><!-- blog-post-content-wrap -->\n\t\t<div class=\"blog-post-author\">\n\t\t<i class=\"houzez-icon icon-single-neutral mr-1\"><\/i> durch Villas.Club\t<\/div>\n\t<\/div><!-- blog-post-item -->                    <\/div>\n                                    <div class=\"col-lg-6 col-md-6\">\n                        <div id=\"post-244480\" class=\"blog-post-item blog-post-item-v1 post-244480 post type-post status-publish format-standard has-post-thumbnail hentry category-blog tag-luxusvillen-auf-mallorca-fur-familien\">\n\t\n\t\t<div class=\"blog-post-thumb\">\n\t\t<a href=\"https:\/\/villas.club\/de\/luxusvillen-auf-mallorca-fuer-familien\/\" class=\"hover-effect\">\n\t\t\t<img decoding=\"async\" width=\"592\" height=\"395\" src=\"https:\/\/villas.club\/wp-content\/uploads\/2024\/10\/family-villas-mallorca-01.jpg\" class=\"img-fluid wp-post-image\" alt=\"family villas\" srcset=\"https:\/\/villas.club\/wp-content\/uploads\/2024\/10\/family-villas-mallorca-01.jpg 600w, https:\/\/villas.club\/wp-content\/uploads\/2024\/10\/family-villas-mallorca-01-300x200.jpg 300w\" sizes=\"(max-width: 592px) 100vw, 592px\" \/>\t\t<\/a>\n\t<\/div><!-- blog-post-thumb -->\n\t\n\t<div class=\"blog-post-content-wrap\">\n\t\t<div class=\"blog-post-meta\">\n\t\t\t<ul class=\"list-inline\">\n\t\t\t\t\t\t\t\t<li class=\"list-inline-item\">\n\t\t\t\t\t<time datetime=\"Oktober 8, 2024\"><i class=\"houzez-icon icon-calendar-3 mr-1\"><\/i> Oktober 8, 2024<\/time>\n\t\t\t\t<\/li>\n\t\t\t\t\n\t\t\t\t\t\t\t\t<li class=\"list-inline-item\">\n\t\t\t\t\t<i class=\"houzez-icon icon-tags mr-1\"><\/i> <a href=\"https:\/\/villas.club\/de\/category\/blog\/\" rel=\"category tag\">Blog<\/a>\t\t\t\t<\/li>\n\t\t\t\t\n\t\t\t<\/ul>\n\t\t<\/div><!-- blog-post-meta -->\n\t\t<div class=\"blog-post-title\">\n\t\t\t<h3><a href=\"https:\/\/villas.club\/de\/luxusvillen-auf-mallorca-fuer-familien\/\">Luxusvillen auf Mallorca f\u00fcr Familien: Die perfekte Wahl f\u00fcr 2025<\/a><\/h3>\n\t\t<\/div><!-- blog-post-title -->\n\t\t<div class=\"blog-post-body\">\n\t\t\tWenn es um Luxusvillen auf Mallorca f\u00fcr Familien geht, wird die Insel zu einem der begehrtesten...\t\t<\/div><!-- blog-post-body -->\n\t\t<div class=\"blog-post-link\">\n\t\t\t<a href=\"https:\/\/villas.club\/de\/luxusvillen-auf-mallorca-fuer-familien\/\">Weiterlesen<\/a>\n\t\t<\/div><!-- blog-post-link -->\n\t<\/div><!-- blog-post-content-wrap -->\n\t\t<div class=\"blog-post-author\">\n\t\t<i class=\"houzez-icon icon-single-neutral mr-1\"><\/i> durch Villas.Club\t<\/div>\n\t<\/div><!-- blog-post-item -->                    <\/div>\n                                    <div class=\"col-lg-6 col-md-6\">\n                        <div id=\"post-244422\" class=\"blog-post-item blog-post-item-v1 post-244422 post type-post status-publish format-standard has-post-thumbnail hentry category-blog tag-luxuriose-villen-auf-mallorca\">\n\t\n\t\t<div class=\"blog-post-thumb\">\n\t\t<a href=\"https:\/\/villas.club\/de\/luxusvillen-auf-mallorca-zum-kauf-oder-zur-miete\/\" class=\"hover-effect\">\n\t\t\t<img decoding=\"async\" width=\"592\" height=\"333\" src=\"https:\/\/villas.club\/wp-content\/uploads\/2024\/10\/luxury-villas-Mallorca-for-sale-or-rent-02.jpg\" class=\"img-fluid wp-post-image\" alt=\"ville di lusso a Maiorca in vendita o affitto\" srcset=\"https:\/\/villas.club\/wp-content\/uploads\/2024\/10\/luxury-villas-Mallorca-for-sale-or-rent-02.jpg 600w, https:\/\/villas.club\/wp-content\/uploads\/2024\/10\/luxury-villas-Mallorca-for-sale-or-rent-02-300x169.jpg 300w\" sizes=\"(max-width: 592px) 100vw, 592px\" \/>\t\t<\/a>\n\t<\/div><!-- blog-post-thumb -->\n\t\n\t<div class=\"blog-post-content-wrap\">\n\t\t<div class=\"blog-post-meta\">\n\t\t\t<ul class=\"list-inline\">\n\t\t\t\t\t\t\t\t<li class=\"list-inline-item\">\n\t\t\t\t\t<time datetime=\"Oktober 4, 2024\"><i class=\"houzez-icon icon-calendar-3 mr-1\"><\/i> Oktober 4, 2024<\/time>\n\t\t\t\t<\/li>\n\t\t\t\t\n\t\t\t\t\t\t\t\t<li class=\"list-inline-item\">\n\t\t\t\t\t<i class=\"houzez-icon icon-tags mr-1\"><\/i> <a href=\"https:\/\/villas.club\/de\/category\/blog\/\" rel=\"category tag\">Blog<\/a>\t\t\t\t<\/li>\n\t\t\t\t\n\t\t\t<\/ul>\n\t\t<\/div><!-- blog-post-meta -->\n\t\t<div class=\"blog-post-title\">\n\t\t\t<h3><a href=\"https:\/\/villas.club\/de\/luxusvillen-auf-mallorca-zum-kauf-oder-zur-miete\/\">Luxusvillen auf Mallorca zum Kauf oder zur Miete: Vor- und Nachteile<\/a><\/h3>\n\t\t<\/div><!-- blog-post-title -->\n\t\t<div class=\"blog-post-body\">\n\t\t\tWenn Sie davon tr\u00e4umen, unter der strahlenden Sonne und an den sch\u00f6nen Str\u00e4nden Mallorcas zu...\t\t<\/div><!-- blog-post-body -->\n\t\t<div class=\"blog-post-link\">\n\t\t\t<a href=\"https:\/\/villas.club\/de\/luxusvillen-auf-mallorca-zum-kauf-oder-zur-miete\/\">Weiterlesen<\/a>\n\t\t<\/div><!-- blog-post-link -->\n\t<\/div><!-- blog-post-content-wrap -->\n\t\t<div class=\"blog-post-author\">\n\t\t<i class=\"houzez-icon icon-single-neutral mr-1\"><\/i> durch Villas.Club\t<\/div>\n\t<\/div><!-- blog-post-item -->                    <\/div>\n                                    <div class=\"col-lg-6 col-md-6\">\n                        <div id=\"post-244354\" class=\"blog-post-item blog-post-item-v1 post-244354 post type-post status-publish format-standard has-post-thumbnail hentry category-blog tag-kleine-luxushotels-auf-mallorca tag-luxushotel-auf-mallorca\">\n\t\n\t\t<div class=\"blog-post-thumb\">\n\t\t<a href=\"https:\/\/villas.club\/de\/kleine-luxushotels-auf-mallorca\/\" class=\"hover-effect\">\n\t\t\t<img loading=\"lazy\" decoding=\"async\" width=\"592\" height=\"395\" src=\"https:\/\/villas.club\/wp-content\/uploads\/2024\/10\/small-luxury-hotels-mallorca-cap-rocat-01.jpg\" class=\"img-fluid wp-post-image\" alt=\"piccoli hotel di lusso a maiorca\" srcset=\"https:\/\/villas.club\/wp-content\/uploads\/2024\/10\/small-luxury-hotels-mallorca-cap-rocat-01.jpg 600w, https:\/\/villas.club\/wp-content\/uploads\/2024\/10\/small-luxury-hotels-mallorca-cap-rocat-01-300x200.jpg 300w\" sizes=\"(max-width: 592px) 100vw, 592px\" \/>\t\t<\/a>\n\t<\/div><!-- blog-post-thumb -->\n\t\n\t<div class=\"blog-post-content-wrap\">\n\t\t<div class=\"blog-post-meta\">\n\t\t\t<ul class=\"list-inline\">\n\t\t\t\t\t\t\t\t<li class=\"list-inline-item\">\n\t\t\t\t\t<time datetime=\"Oktober 3, 2024\"><i class=\"houzez-icon icon-calendar-3 mr-1\"><\/i> Oktober 3, 2024<\/time>\n\t\t\t\t<\/li>\n\t\t\t\t\n\t\t\t\t\t\t\t\t<li class=\"list-inline-item\">\n\t\t\t\t\t<i class=\"houzez-icon icon-tags mr-1\"><\/i> <a href=\"https:\/\/villas.club\/de\/category\/blog\/\" rel=\"category tag\">Blog<\/a>\t\t\t\t<\/li>\n\t\t\t\t\n\t\t\t<\/ul>\n\t\t<\/div><!-- blog-post-meta -->\n\t\t<div class=\"blog-post-title\">\n\t\t\t<h3><a href=\"https:\/\/villas.club\/de\/kleine-luxushotels-auf-mallorca\/\">3 Kleine Luxushotels auf Mallorca: Eine Alternative zu Villen<\/a><\/h3>\n\t\t<\/div><!-- blog-post-title -->\n\t\t<div class=\"blog-post-body\">\n\t\t\tWenn Sie auf der Suche nach einem unvergesslichen Erlebnis auf Mallorca sind, sind die kleinen...\t\t<\/div><!-- blog-post-body -->\n\t\t<div class=\"blog-post-link\">\n\t\t\t<a href=\"https:\/\/villas.club\/de\/kleine-luxushotels-auf-mallorca\/\">Weiterlesen<\/a>\n\t\t<\/div><!-- blog-post-link -->\n\t<\/div><!-- blog-post-content-wrap -->\n\t\t<div class=\"blog-post-author\">\n\t\t<i class=\"houzez-icon icon-single-neutral mr-1\"><\/i> durch Villas.Club\t<\/div>\n\t<\/div><!-- blog-post-item -->                    <\/div>\n                                    <div class=\"col-lg-6 col-md-6\">\n                        <div id=\"post-244259\" class=\"blog-post-item blog-post-item-v1 post-244259 post type-post status-publish format-standard has-post-thumbnail hentry category-blog tag-luxuriose-villen-auf-mallorca\">\n\t\n\t\t<div class=\"blog-post-thumb\">\n\t\t<a href=\"https:\/\/villas.club\/de\/luxusvillen-zum-verkauf-auf-mallorca\/\" class=\"hover-effect\">\n\t\t\t<img loading=\"lazy\" decoding=\"async\" width=\"592\" height=\"395\" src=\"https:\/\/villas.club\/wp-content\/uploads\/2024\/09\/palma-de-mallorca-villas.jpg\" class=\"img-fluid wp-post-image\" alt=\"Ville di Lusso a Maiorca in Vendita\" srcset=\"https:\/\/villas.club\/wp-content\/uploads\/2024\/09\/palma-de-mallorca-villas.jpg 600w, https:\/\/villas.club\/wp-content\/uploads\/2024\/09\/palma-de-mallorca-villas-300x200.jpg 300w\" sizes=\"(max-width: 592px) 100vw, 592px\" \/>\t\t<\/a>\n\t<\/div><!-- blog-post-thumb -->\n\t\n\t<div class=\"blog-post-content-wrap\">\n\t\t<div class=\"blog-post-meta\">\n\t\t\t<ul class=\"list-inline\">\n\t\t\t\t\t\t\t\t<li class=\"list-inline-item\">\n\t\t\t\t\t<time datetime=\"September 30, 2024\"><i class=\"houzez-icon icon-calendar-3 mr-1\"><\/i> September 30, 2024<\/time>\n\t\t\t\t<\/li>\n\t\t\t\t\n\t\t\t\t\t\t\t\t<li class=\"list-inline-item\">\n\t\t\t\t\t<i class=\"houzez-icon icon-tags mr-1\"><\/i> <a href=\"https:\/\/villas.club\/de\/category\/blog\/\" rel=\"category tag\">Blog<\/a>\t\t\t\t<\/li>\n\t\t\t\t\n\t\t\t<\/ul>\n\t\t<\/div><!-- blog-post-meta -->\n\t\t<div class=\"blog-post-title\">\n\t\t\t<h3><a href=\"https:\/\/villas.club\/de\/luxusvillen-zum-verkauf-auf-mallorca\/\">Luxusvillen zum Verkauf auf Mallorca: Investitionen f\u00fcr 2025<\/a><\/h3>\n\t\t<\/div><!-- blog-post-title -->\n\t\t<div class=\"blog-post-body\">\n\t\t\tDer Markt f\u00fcr Luxusvillen auf Mallorca bleibt einer der prestigetr\u00e4chtigsten und begehrtesten in...\t\t<\/div><!-- blog-post-body -->\n\t\t<div class=\"blog-post-link\">\n\t\t\t<a href=\"https:\/\/villas.club\/de\/luxusvillen-zum-verkauf-auf-mallorca\/\">Weiterlesen<\/a>\n\t\t<\/div><!-- blog-post-link -->\n\t<\/div><!-- blog-post-content-wrap -->\n\t\t<div class=\"blog-post-author\">\n\t\t<i class=\"houzez-icon icon-single-neutral mr-1\"><\/i> durch Villas.Club\t<\/div>\n\t<\/div><!-- blog-post-item -->                    <\/div>\n                            <\/div>\n        <\/div>\n\n        \t\t\t\t<\/div>\n\t\t\t\t<\/div>\n\t\t\t\t\t<\/div>\n\t\t\t\t<\/div>\n\t\t\t\t<\/div>\n\t\t","protected":false},"excerpt":{"rendered":"<p>October 15, 2024 Blog The Best Luxury Villas in Majorca with Private Pool of 2025 Imagine waking up every morning in one of the best luxury villas in Mallorca with a private pool,&#8230; Continue reading by Villas.Club October 8, 2024 Blog Luxury Villas in Majorca for Families: The Perfect Choice for 2025 When it comes [&hellip;]<\/p>\n","protected":false},"author":1,"featured_media":0,"parent":0,"menu_order":0,"comment_status":"closed","ping_status":"closed","template":"","meta":{"footnotes":""},"class_list":["post-245565","page","type-page","status-publish","hentry"],"amp_enabled":true,"_links":{"self":[{"href":"https:\/\/villas.club\/de\/wp-json\/wp\/v2\/pages\/245565","targetHints":{"allow":["GET"]}}],"collection":[{"href":"https:\/\/villas.club\/de\/wp-json\/wp\/v2\/pages"}],"about":[{"href":"https:\/\/villas.club\/de\/wp-json\/wp\/v2\/types\/page"}],"author":[{"embeddable":true,"href":"https:\/\/villas.club\/de\/wp-json\/wp\/v2\/users\/1"}],"replies":[{"embeddable":true,"href":"https:\/\/villas.club\/de\/wp-json\/wp\/v2\/comments?post=245565"}],"version-history":[{"count":2,"href":"https:\/\/villas.club\/de\/wp-json\/wp\/v2\/pages\/245565\/revisions"}],"predecessor-version":[{"id":245567,"href":"https:\/\/villas.club\/de\/wp-json\/wp\/v2\/pages\/245565\/revisions\/245567"}],"wp:attachment":[{"href":"https:\/\/villas.club\/de\/wp-json\/wp\/v2\/media?parent=245565"}],"curies":[{"name":"wp","href":"https:\/\/api.w.org\/{rel}","templated":true}]}}