{"id":244079,"date":"2021-12-29T09:32:29","date_gmt":"2021-12-29T09:32:29","guid":{"rendered":"https:\/\/villas.club\/villen-auf-mallorca-luxusvillen-auf-mallorca-exklusive-villen-und-erstklassiger-service\/"},"modified":"2024-10-16T12:37:21","modified_gmt":"2024-10-16T12:37:21","slug":"villen-auf-mallorca-luxusvillen-auf-mallorca-exklusive-villen-und-erstklassiger-service","status":"publish","type":"page","link":"https:\/\/villas.club\/de\/villen-auf-mallorca-luxusvillen-auf-mallorca-exklusive-villen-und-erstklassiger-service\/","title":{"rendered":"Villen auf Mallorca, Luxusvillen auf Mallorca &#8211; Exklusive Villen und erstklassiger Service"},"content":{"rendered":"<p>[vc_row full_width=&#8221;stretch_row_content_no_spaces&#8221; video_bg=&#8221;yes&#8221; video_bg_url=&#8221;https:\/\/www.youtube.com\/watch?v=YbFCLqz95Vs&#8221; side_background_title_typo=&#8221;null&#8221; title_typo=&#8221;null&#8221;][vc_column width=&#8221;1\/6&#8243;][\/vc_column][vc_column width=&#8221;2\/3&#8243;][vc_empty_space height=&#8221;150px&#8221;][vc_custom_heading text=&#8221;Die feinsten Erlebnisse f\u00fcr Luxusliebhaber&#8221; font_container=&#8221;tag:h3|font_size:18|text_align:left|color:%23FFFFFF&#8221; use_theme_fonts=&#8221;yes&#8221; css_animation=&#8221;fadeInLeft&#8221; css=&#8221;&#8221;][vc_custom_heading text=&#8221;Experten f\u00fcr luxuri\u00f6ses Wohnen auf Mallorca.&#8221; font_container=&#8221;tag:h2|font_size:55|text_align:left|color:%23FFFFFF&#8221; use_theme_fonts=&#8221;yes&#8221; css_animation=&#8221;fadeInLeft&#8221; css=&#8221;&#8221;][vc_empty_space height=&#8221;150px&#8221;][\/vc_column][vc_column width=&#8221;1\/6&#8243;][\/vc_column][\/vc_row][vc_row full_width=&#8221;stretch_row&#8221; use_through_lines=&#8221;1&#8243; side_background_title_typo=&#8221;null&#8221; css=&#8221;.vc_custom_1727206226198{background-color: #606157 !important;}&#8221; title_typo=&#8221;{&#8220;font_size&#8220;:&#8220;12vw&#8220;,&#8220;font_size_tablet&#8220;:&#8220;&#8220;,&#8220;font_size_mobile&#8220;:&#8220;&#8220;,&#8220;line_height&#8220;:&#8220;&#8220;,&#8220;line_height_tablet&#8220;:&#8220;&#8220;,&#8220;line_height_mobile&#8220;:&#8220;&#8220;,&#8220;letter_spacing&#8220;:&#8220;&#8220;,&#8220;letter_spacing_tablet&#8220;:&#8220;&#8220;,&#8220;letter_spacing_mobile&#8220;:&#8220;&#8220;,&#8220;color&#8220;:&#8220;&#8220;,&#8220;weight&#8220;:&#8220;300&#8220;,&#8220;style&#8220;:&#8220;inherit&#8220;,&#8220;transform&#8220;:&#8220;uppercase&#8220;,&#8220;decoration&#8220;:&#8220;inherit&#8220;,&#8220;use_custom_font&#8220;:false}&#8221; el_class=&#8221;clb__dark_section&#8221; side_background_title=&#8221;LUXUS&#8221;][vc_column][vc_empty_space height=&#8221;10vh&#8221; el_class=&#8221;clb__section_spacer&#8221;][vc_row_inner][vc_column_inner width=&#8221;1\/4&#8243;][vc_empty_space height=&#8221;2rem&#8221;][vc_empty_space height=&#8221;4vh&#8221;][\/vc_column_inner][vc_column_inner width=&#8221;1\/4&#8243;][\/vc_column_inner][vc_column_inner width=&#8221;2\/4&#8243;][ohio_heading module_type_layout=&#8221;on_right&#8221; heading_type=&#8221;h2&#8243; add_highlighted=&#8221;1&#8243; subtitle_type_layout=&#8221;without_subtitle&#8221; appearance_effect=&#8221;fade-up&#8221; title=&#8221;THV4dXJpw7ZzZSBWZXJiaW5kdW5nZW4sIGRpZSBJaHJlbiBMZWJlbnNzdGlsIGF1ZndlcnRlbi4K&#8221; heading_tag=&#8221;h2&#8243; header_typography=&#8221;%7B%22font_size%22%3A%223.65vw%22%2C%22font_size_mobile%22%3A%222.25rem%22%2C%22weight%22%3A%22inherit%22%2C%22style%22%3A%22inherit%22%2C%22use_custom_font%22%3Afalse%7D&#8221; subtitle_typography=&#8221;%7B%22font_size%22:%2215px%22,%22weight%22:%22inherit%22,%22style%22:%22inherit%22,%22use_custom_font%22:false%7D&#8221; title_typo=&#8221;{&#8220;font_size&#8220;:&#8220;3.65vw&#8220;,&#8220;font_size_tablet&#8220;:&#8220;&#8220;,&#8220;font_size_mobile&#8220;:&#8220;2.25rem&#8220;,&#8220;line_height&#8220;:&#8220;&#8220;,&#8220;line_height_tablet&#8220;:&#8220;&#8220;,&#8220;line_height_mobile&#8220;:&#8220;&#8220;,&#8220;letter_spacing&#8220;:&#8220;&#8220;,&#8220;letter_spacing_tablet&#8220;:&#8220;&#8220;,&#8220;letter_spacing_mobile&#8220;:&#8220;0px&#8220;,&#8220;color&#8220;:&#8220;#ffffff&#8220;,&#8220;weight&#8220;:&#8220;300&#8220;,&#8220;style&#8220;:&#8220;inherit&#8220;,&#8220;transform&#8220;:&#8220;uppercase&#8220;,&#8220;decoration&#8220;:&#8220;inherit&#8220;,&#8220;use_custom_font&#8220;:false}&#8221; appearance_delay=&#8221;300&#8243; title_highlighted=&#8221;RXhrbHVzaXZlIEV4cGVydGVuLgpNYcOfZ2VzY2huZWlkZXJ0ZSBMw7ZzdW5nZW4uICAg&#8221; title_after=&#8221;SWhyIFRvciB6dSBNYWxsb3JjYXMgU2Now7Zuc3RlbS4=&#8221; title_before_typo=&#8221;{&#8220;font_size&#8220;:&#8220;&#8220;,&#8220;font_size_tablet&#8220;:&#8220;&#8220;,&#8220;font_size_mobile&#8220;:&#8220;&#8220;,&#8220;line_height&#8220;:&#8220;&#8220;,&#8220;line_height_tablet&#8220;:&#8220;&#8220;,&#8220;line_height_mobile&#8220;:&#8220;&#8220;,&#8220;letter_spacing&#8220;:&#8220;&#8220;,&#8220;letter_spacing_tablet&#8220;:&#8220;&#8220;,&#8220;letter_spacing_mobile&#8220;:&#8220;&#8220;,&#8220;color&#8220;:&#8220;&#8220;,&#8220;weight&#8220;:&#8220;inherit&#8220;,&#8220;style&#8220;:&#8220;inherit&#8220;,&#8220;transform&#8220;:&#8220;inherit&#8220;,&#8220;decoration&#8220;:&#8220;inherit&#8220;,&#8220;use_custom_font&#8220;:false}&#8221; title_highlighted_typo=&#8221;{&#8220;font_size&#8220;:&#8220;&#8220;,&#8220;font_size_tablet&#8220;:&#8220;&#8220;,&#8220;font_size_mobile&#8220;:&#8220;&#8220;,&#8220;line_height&#8220;:&#8220;&#8220;,&#8220;line_height_tablet&#8220;:&#8220;&#8220;,&#8220;line_height_mobile&#8220;:&#8220;&#8220;,&#8220;letter_spacing&#8220;:&#8220;&#8220;,&#8220;letter_spacing_tablet&#8220;:&#8220;&#8220;,&#8220;letter_spacing_mobile&#8220;:&#8220;&#8220;,&#8220;color&#8220;:&#8220;&#8220;,&#8220;weight&#8220;:&#8220;inherit&#8220;,&#8220;style&#8220;:&#8220;inherit&#8220;,&#8220;transform&#8220;:&#8220;inherit&#8220;,&#8220;decoration&#8220;:&#8220;inherit&#8220;,&#8220;use_custom_font&#8220;:false}&#8221;][\/vc_column_inner][\/vc_row_inner][vc_row_inner][vc_column_inner width=&#8221;1\/4&#8243;][vc_empty_space height=&#8221;40px&#8221; el_class=&#8221;vc_hidden-lg vc_hidden-md&#8221;][ohio_text appearance_effect=&#8221;fade-up&#8221; text_typo=&#8221;{&#8220;font_size&#8220;:&#8220;&#8220;,&#8220;font_size_tablet&#8220;:&#8220;&#8220;,&#8220;font_size_mobile&#8220;:&#8220;&#8220;,&#8220;line_height&#8220;:&#8220;&#8220;,&#8220;line_height_tablet&#8220;:&#8220;&#8220;,&#8220;line_height_mobile&#8220;:&#8220;&#8220;,&#8220;letter_spacing&#8220;:&#8220;&#8220;,&#8220;letter_spacing_tablet&#8220;:&#8220;&#8220;,&#8220;letter_spacing_mobile&#8220;:&#8220;&#8220;,&#8220;color&#8220;:&#8220;rgba(255,255,255,0.75)&#8220;,&#8220;weight&#8220;:&#8220;inherit&#8220;,&#8220;style&#8220;:&#8220;inherit&#8220;,&#8220;use_custom_font&#8220;:false}&#8221;]<\/p>\n<p class=\"p1\"><b>Im Herzen Mallorcas gelegen, ist Villas.Club Ihr erster Zugang zu den exklusivsten Luxusdienstleistungen der Insel.<\/b>  Zu unserem kuratierten Netzwerk geh\u00f6ren die besten Innenarchitekten, Bauexperten, Immobilienverwalter und mehr.<\/p>\n<p class=\"p1\">[\/ohio_text][\/vc_column_inner][vc_column_inner width=&#8221;1\/4&#8243;][vc_empty_space height=&#8221;40px&#8221; el_class=&#8221;vc_hidden-lg vc_hidden-md&#8221;][ohio_text appearance_effect=&#8221;fade-up&#8221; text_typo=&#8221;{&#8220;font_size&#8220;:&#8220;&#8220;,&#8220;font_size_tablet&#8220;:&#8220;&#8220;,&#8220;font_size_mobile&#8220;:&#8220;&#8220;,&#8220;line_height&#8220;:&#8220;&#8220;,&#8220;line_height_tablet&#8220;:&#8220;&#8220;,&#8220;line_height_mobile&#8220;:&#8220;&#8220;,&#8220;letter_spacing&#8220;:&#8220;&#8220;,&#8220;letter_spacing_tablet&#8220;:&#8220;&#8220;,&#8220;letter_spacing_mobile&#8220;:&#8220;&#8220;,&#8220;color&#8220;:&#8220;rgba(255,255,255,0.75)&#8220;,&#8220;weight&#8220;:&#8220;inherit&#8220;,&#8220;style&#8220;:&#8220;inherit&#8220;,&#8220;use_custom_font&#8220;:false}&#8221; appearance_delay=&#8221;300&#8243;]Wir vereinfachen den Prozess f\u00fcr internationale Kunden und stellen sicher, dass der \u00dcbergang zu einem luxuri\u00f6sen Lebensstil auf Mallorca m\u00fchelos und ma\u00dfgeschneidert ist.<br \/>\nVertrauen Sie darauf, dass wir Ihnen eine nahtlose und pers\u00f6nliche Erfahrung in jedem Aspekt des Luxuslebens auf der Insel bieten.[\/ohio_text][\/vc_column_inner][vc_column_inner width=&#8221;1\/4&#8243;][\/vc_column_inner][vc_column_inner width=&#8221;1\/4&#8243;][\/vc_column_inner][\/vc_row_inner][vc_empty_space height=&#8221;10vh&#8221; el_class=&#8221;clb__section_spacer&#8221;][\/vc_column][\/vc_row][vc_row use_through_lines=&#8221;1&#8243; side_background_title_typo=&#8221;null&#8221; title_typo=&#8221;null&#8221;][vc_column][vc_empty_space height=&#8221;10vh&#8221; el_class=&#8221;clb__section_spacer&#8221;][vc_row_inner content_placement=&#8221;middle&#8221;][vc_column_inner width=&#8221;1\/2&#8243; offset=&#8221;vc_col-xs-6&#8243;][ohio_heading module_type_layout=&#8221;on_left&#8221; heading_type=&#8221;h2&#8243; subtitle_type_layout=&#8221;without_subtitle&#8221; title=&#8221;VW5zZXJlIEVpbmJsaWNrZQ==&#8221; title_typo=&#8221;{&#8220;font_size&#8220;:&#8220;2vw&#8220;,&#8220;font_size_tablet&#8220;:&#8220;&#8220;,&#8220;font_size_mobile&#8220;:&#8220;1.75rem&#8220;,&#8220;line_height&#8220;:&#8220;&#8220;,&#8220;line_height_tablet&#8220;:&#8220;&#8220;,&#8220;line_height_mobile&#8220;:&#8220;&#8220;,&#8220;letter_spacing&#8220;:&#8220;&#8220;,&#8220;letter_spacing_tablet&#8220;:&#8220;&#8220;,&#8220;letter_spacing_mobile&#8220;:&#8220;0px&#8220;,&#8220;color&#8220;:&#8220;&#8220;,&#8220;weight&#8220;:&#8220;300&#8220;,&#8220;style&#8220;:&#8220;inherit&#8220;,&#8220;transform&#8220;:&#8220;uppercase&#8220;,&#8220;decoration&#8220;:&#8220;inherit&#8220;,&#8220;use_custom_font&#8220;:false}&#8221;][\/vc_column_inner][vc_column_inner width=&#8221;1\/4&#8243; offset=&#8221;vc_col-xs-1 vc_hidden-xs&#8221;][\/vc_column_inner][vc_column_inner width=&#8221;1\/4&#8243; offset=&#8221;vc_col-xs-6&#8243;][ohio_button layout=&#8221;flat&#8221; shape_position=&#8221;right&#8221; border_radius=&#8221;24&#8243; link=&#8221;url:https%3A%2F%2Fvillas.club%2Fde%2F%3Fpage_id%3D244041|title:Mehr%20Einblicke|&#8221; title_typo=&#8221;{&#8220;font_size&#8220;:&#8220;0.85em&#8220;,&#8220;font_size_tablet&#8220;:&#8220;&#8220;,&#8220;font_size_mobile&#8220;:&#8220;&#8220;,&#8220;line_height&#8220;:&#8220;&#8220;,&#8220;line_height_tablet&#8220;:&#8220;&#8220;,&#8220;line_height_mobile&#8220;:&#8220;&#8220;,&#8220;letter_spacing&#8220;:&#8220;&#8220;,&#8220;letter_spacing_tablet&#8220;:&#8220;&#8220;,&#8220;letter_spacing_mobile&#8220;:&#8220;&#8220;,&#8220;color&#8220;:&#8220;&#8220;,&#8220;weight&#8220;:&#8220;600&#8220;,&#8220;style&#8220;:&#8220;inherit&#8220;,&#8220;transform&#8220;:&#8220;uppercase&#8220;,&#8220;decoration&#8220;:&#8220;inherit&#8220;,&#8220;use_custom_font&#8220;:false}&#8221; title_typo_hover=&#8221;null&#8221;][\/vc_column_inner][\/vc_row_inner][vc_empty_space height=&#8221;4vh&#8221;][ohio_recent_posts card_layout=&#8221;blog_grid_7&#8243; show_read_more=&#8221;1&#8243; posts_in_block=&#8221;3&#8243; animation_type=&#8221;async&#8221; heading_typo=&#8221;{&#8220;font_size&#8220;:&#8220;3vw&#8220;,&#8220;font_size_tablet&#8220;:&#8220;&#8220;,&#8220;font_size_mobile&#8220;:&#8220;1.75rem&#8220;,&#8220;line_height&#8220;:&#8220;&#8220;,&#8220;line_height_tablet&#8220;:&#8220;&#8220;,&#8220;line_height_mobile&#8220;:&#8220;&#8220;,&#8220;letter_spacing&#8220;:&#8220;&#8220;,&#8220;letter_spacing_tablet&#8220;:&#8220;&#8220;,&#8220;letter_spacing_mobile&#8220;:&#8220;-0.02em&#8220;,&#8220;color&#8220;:&#8220;&#8220;,&#8220;weight&#8220;:&#8220;300&#8220;,&#8220;style&#8220;:&#8220;inherit&#8220;,&#8220;transform&#8220;:&#8220;uppercase&#8220;,&#8220;decoration&#8220;:&#8220;inherit&#8220;,&#8220;use_custom_font&#8220;:false}&#8221; excerpt_typo=&#8221;null&#8221; category_typo=&#8221;null&#8221; date_typo=&#8221;null&#8221; reading_time_typo=&#8221;null&#8221; author_typo=&#8221;null&#8221; read_more_typo=&#8221;null&#8221; content_styles=&#8221;.vc_custom_1694009494132{margin-top: -20px !important;}&#8221;][vc_empty_space height=&#8221;8vh&#8221; el_class=&#8221;clb__section_spacer&#8221;][\/vc_column][\/vc_row][vc_row side_background_title_typo=&#8221;null&#8221; title_typo=&#8221;null&#8221;][vc_column css=&#8221;.vc_custom_1727207520460{background-position: center !important;background-repeat: no-repeat !important;background-size: cover !important;}&#8221; offset=&#8221;vc_hidden-lg&#8221;][vc_empty_space height=&#8221;25vh&#8221;][\/vc_column][\/vc_row][vc_row use_through_lines=&#8221;1&#8243; side_background_title_typo=&#8221;null&#8221; title_typo=&#8221;null&#8221;][vc_column][vc_empty_space height=&#8221;10vh&#8221; el_class=&#8221;clb__section_spacer&#8221;][\/vc_column][\/vc_row][vc_row][vc_column][vc_column_text][\/vc_column_text][\/vc_column][\/vc_row][vc_row][vc_column][vc_column_text]<\/p>\n<p>[\/vc_column_text][\/vc_column][\/vc_row]<\/p>\n","protected":false},"excerpt":{"rendered":"<p>[vc_row full_width=&#8221;stretch_row_content_no_spaces&#8221; video_bg=&#8221;yes&#8221; video_bg_url=&#8221;https:\/\/www.youtube.com\/watch?v=YbFCLqz95Vs&#8221; side_background_title_typo=&#8221;null&#8221; title_typo=&#8221;null&#8221;][vc_column width=&#8221;1\/6&#8243;][\/vc_column][vc_column width=&#8221;2\/3&#8243;][vc_empty_space height=&#8221;150px&#8221;][vc_custom_heading text=&#8221;Die feinsten Erlebnisse f\u00fcr Luxusliebhaber&#8221; font_container=&#8221;tag:h3|font_size:18|text_align:left|color:%23FFFFFF&#8221; use_theme_fonts=&#8221;yes&#8221; css_animation=&#8221;fadeInLeft&#8221; css=&#8221;&#8221;][vc_custom_heading text=&#8221;Experten f\u00fcr luxuri\u00f6ses Wohnen auf Mallorca.&#8221; font_container=&#8221;tag:h2|font_size:55|text_align:left|color:%23FFFFFF&#8221; use_theme_fonts=&#8221;yes&#8221; css_animation=&#8221;fadeInLeft&#8221; css=&#8221;&#8221;][vc_empty_space height=&#8221;150px&#8221;][\/vc_column][vc_column width=&#8221;1\/6&#8243;][\/vc_column][\/vc_row][vc_row full_width=&#8221;stretch_row&#8221; use_through_lines=&#8221;1&#8243; side_background_title_typo=&#8221;null&#8221; css=&#8221;.vc_custom_1727206226198{background-color: #606157 !important;}&#8221; title_typo=&#8221;{&#8220;font_size&#8220;:&#8220;12vw&#8220;,&#8220;font_size_tablet&#8220;:&#8220;&#8220;,&#8220;font_size_mobile&#8220;:&#8220;&#8220;,&#8220;line_height&#8220;:&#8220;&#8220;,&#8220;line_height_tablet&#8220;:&#8220;&#8220;,&#8220;line_height_mobile&#8220;:&#8220;&#8220;,&#8220;letter_spacing&#8220;:&#8220;&#8220;,&#8220;letter_spacing_tablet&#8220;:&#8220;&#8220;,&#8220;letter_spacing_mobile&#8220;:&#8220;&#8220;,&#8220;color&#8220;:&#8220;&#8220;,&#8220;weight&#8220;:&#8220;300&#8220;,&#8220;style&#8220;:&#8220;inherit&#8220;,&#8220;transform&#8220;:&#8220;uppercase&#8220;,&#8220;decoration&#8220;:&#8220;inherit&#8220;,&#8220;use_custom_font&#8220;:false}&#8221; el_class=&#8221;clb__dark_section&#8221; side_background_title=&#8221;LUXUS&#8221;][vc_column][vc_empty_space height=&#8221;10vh&#8221; el_class=&#8221;clb__section_spacer&#8221;][vc_row_inner][vc_column_inner width=&#8221;1\/4&#8243;][vc_empty_space height=&#8221;2rem&#8221;][vc_empty_space height=&#8221;4vh&#8221;][\/vc_column_inner][vc_column_inner width=&#8221;1\/4&#8243;][\/vc_column_inner][vc_column_inner width=&#8221;2\/4&#8243;][ohio_heading module_type_layout=&#8221;on_right&#8221; heading_type=&#8221;h2&#8243; add_highlighted=&#8221;1&#8243; subtitle_type_layout=&#8221;without_subtitle&#8221; appearance_effect=&#8221;fade-up&#8221; title=&#8221;THV4dXJpw7ZzZSBWZXJiaW5kdW5nZW4sIGRpZSBJaHJlbiBMZWJlbnNzdGlsIGF1ZndlcnRlbi4K&#8221; heading_tag=&#8221;h2&#8243; header_typography=&#8221;%7B%22font_size%22%3A%223.65vw%22%2C%22font_size_mobile%22%3A%222.25rem%22%2C%22weight%22%3A%22inherit%22%2C%22style%22%3A%22inherit%22%2C%22use_custom_font%22%3Afalse%7D&#8221; subtitle_typography=&#8221;%7B%22font_size%22:%2215px%22,%22weight%22:%22inherit%22,%22style%22:%22inherit%22,%22use_custom_font%22:false%7D&#8221; [&hellip;]<\/p>\n","protected":false},"author":1,"featured_media":0,"parent":0,"menu_order":0,"comment_status":"closed","ping_status":"closed","template":"","meta":{"footnotes":""},"class_list":["post-244079","page","type-page","status-publish","hentry"],"amp_enabled":true,"_links":{"self":[{"href":"https:\/\/villas.club\/de\/wp-json\/wp\/v2\/pages\/244079","targetHints":{"allow":["GET"]}}],"collection":[{"href":"https:\/\/villas.club\/de\/wp-json\/wp\/v2\/pages"}],"about":[{"href":"https:\/\/villas.club\/de\/wp-json\/wp\/v2\/types\/page"}],"author":[{"embeddable":true,"href":"https:\/\/villas.club\/de\/wp-json\/wp\/v2\/users\/1"}],"replies":[{"embeddable":true,"href":"https:\/\/villas.club\/de\/wp-json\/wp\/v2\/comments?post=244079"}],"version-history":[{"count":20,"href":"https:\/\/villas.club\/de\/wp-json\/wp\/v2\/pages\/244079\/revisions"}],"predecessor-version":[{"id":244666,"href":"https:\/\/villas.club\/de\/wp-json\/wp\/v2\/pages\/244079\/revisions\/244666"}],"wp:attachment":[{"href":"https:\/\/villas.club\/de\/wp-json\/wp\/v2\/media?parent=244079"}],"curies":[{"name":"wp","href":"https:\/\/api.w.org\/{rel}","templated":true}]}}